{"id":396,"date":"2018-03-12T14:22:54","date_gmt":"2018-03-12T14:22:54","guid":{"rendered":"https:\/\/zipoex.com\/?page_id=396"},"modified":"2023-11-13T17:07:06","modified_gmt":"2023-11-13T17:07:06","slug":"home-1","status":"publish","type":"page","link":"https:\/\/zipoex.com\/","title":{"rendered":"Home 1"},"content":{"rendered":"<h2>ZipoEx : FAST AND EASY!<\/h2>\n<p>ZipoEx Shipping offers efficient Caribbean shipping solutions for multiple countries, with hassle-free and secure delivery.<\/p>\n<p><!-- \/.sc_title --><br \/>\n<\/p>\n<figure class='gallery-item'>\n\t\t\t\t<img width=\"51\" height=\"55\" src=\"https:\/\/zipoex.com\/wp-content\/uploads\/2018\/05\/slider_img_1.png\" alt=\"\" decoding=\"async\" loading=\"lazy\" \/><\/figure>\n<figure class='gallery-item'>\n\t\t\t\t<img width=\"112\" height=\"4\" src=\"https:\/\/zipoex.com\/wp-content\/uploads\/2018\/05\/slider_img_2.png\" alt=\"\" decoding=\"async\" loading=\"lazy\" srcset=\"https:\/\/zipoex.com\/wp-content\/uploads\/2018\/05\/slider_img_2.png 112w, https:\/\/zipoex.com\/wp-content\/uploads\/2018\/05\/slider_img_2-90x4.png 90w\" sizes=\"(max-width: 112px) 100vw, 112px\" \/><\/figure>\n<figure class='gallery-item'>\n\t\t\t\t<img width=\"60\" height=\"48\" src=\"https:\/\/zipoex.com\/wp-content\/uploads\/2018\/05\/slider_img_3.png\" alt=\"\" decoding=\"async\" loading=\"lazy\" \/><\/figure>\n<figure class='gallery-item'>\n\t\t\t\t<img width=\"112\" height=\"4\" src=\"https:\/\/zipoex.com\/wp-content\/uploads\/2018\/05\/slider_img_4.png\" alt=\"\" decoding=\"async\" loading=\"lazy\" srcset=\"https:\/\/zipoex.com\/wp-content\/uploads\/2018\/05\/slider_img_4.png 112w, https:\/\/zipoex.com\/wp-content\/uploads\/2018\/05\/slider_img_4-90x4.png 90w\" sizes=\"(max-width: 112px) 100vw, 112px\" \/><\/figure>\n<figure class='gallery-item'>\n\t\t\t\t<img width=\"58\" height=\"60\" src=\"https:\/\/zipoex.com\/wp-content\/uploads\/2018\/05\/slider_img_5.png\" alt=\"\" decoding=\"async\" loading=\"lazy\" \/><\/figure>\n<figure class='gallery-item'>\n\t\t\t\t<img width=\"112\" height=\"4\" src=\"https:\/\/zipoex.com\/wp-content\/uploads\/2018\/05\/slider_img_6.png\" alt=\"\" decoding=\"async\" loading=\"lazy\" srcset=\"https:\/\/zipoex.com\/wp-content\/uploads\/2018\/05\/slider_img_6.png 112w, https:\/\/zipoex.com\/wp-content\/uploads\/2018\/05\/slider_img_6-90x4.png 90w\" sizes=\"(max-width: 112px) 100vw, 112px\" \/><\/figure>\n<figure class='gallery-item'>\n\t\t\t\t<img width=\"68\" height=\"54\" src=\"https:\/\/zipoex.com\/wp-content\/uploads\/2018\/05\/slider_img_7.png\" alt=\"\" decoding=\"async\" loading=\"lazy\" \/><\/figure>\n<figure class='gallery-item'>\n\t\t\t\t<img width=\"112\" height=\"4\" src=\"https:\/\/zipoex.com\/wp-content\/uploads\/2018\/05\/slider_img_8.png\" alt=\"\" decoding=\"async\" loading=\"lazy\" srcset=\"https:\/\/zipoex.com\/wp-content\/uploads\/2018\/05\/slider_img_8.png 112w, https:\/\/zipoex.com\/wp-content\/uploads\/2018\/05\/slider_img_8-90x4.png 90w\" sizes=\"(max-width: 112px) 100vw, 112px\" \/><\/figure>\n<figure class='gallery-item'>\n\t\t\t\t<img width=\"48\" height=\"55\" src=\"https:\/\/zipoex.com\/wp-content\/uploads\/2018\/05\/slider_img_9.png\" alt=\"\" decoding=\"async\" loading=\"lazy\" \/><\/figure>\n<h6>Shipping<\/h6>\n<h2>to &#038; from Anywhere<\/h2>\n<p>From booking to communications, to payment: FreightCo helps you transport freight faster, cheaper, safer, and easier, so you can stay focused on your business<\/p>\n<p><!-- \/.sc_title --><\/p>\n<h4><a href=\"https:\/\/zipoex.com\/index.php\/services\/by-sea\/\">By Sea<\/a><\/h4>\n<p><a href=\"https:\/\/zipoex.com\/index.php\/services_group\/types-of-shipment\/\" title=\"View all posts in Types of Shipment\">Types of Shipment<\/a><br \/>\nSea container delivery was the first shipping&#8230;<a href=\"https:\/\/zipoex.com\/index.php\/services\/by-sea\/\">Read more<\/a><\/p>\n<h4><a href=\"https:\/\/zipoex.com\/index.php\/services\/by-land\/\">By Land<\/a><\/h4>\n<p><a href=\"https:\/\/zipoex.com\/index.php\/services_group\/types-of-shipment\/\" title=\"View all posts in Types of Shipment\">Types of Shipment<\/a><br \/>\nOur freight trucks will transport your shipment&#8230;<a href=\"https:\/\/zipoex.com\/index.php\/services\/by-land\/\">Read more<\/a><\/p>\n<h4><a href=\"https:\/\/zipoex.com\/index.php\/services\/by-air\/\">By Air<\/a><\/h4>\n<p><a href=\"https:\/\/zipoex.com\/index.php\/services_group\/types-of-shipment\/\" title=\"View all posts in Types of Shipment\">Types of Shipment<\/a><br \/>\nThis is the fastest way to send&#8230;<a href=\"https:\/\/zipoex.com\/index.php\/services\/by-air\/\">Read more<\/a><br \/>\n<!-- \/.sc_services --><br \/>\n<a href=\"https:\/\/zipoex.com\/services\/\" id=\"trx_sc_button_167097513\">View All Services<!-- \/.sc_button_text --><\/a><!-- \/.sc_button --><!-- \/.sc_item_button --><\/p>\n<h6>Subtitle<\/h6>\n<h2>Entrust Us with Your Logistics<\/h2>\n<p>Statistics prove that we are 100% devoted to our job of booking, processing and transferring the orders across the globe with minimum effort for our clients!<\/p>\n<p><!-- \/.sc_title --><br \/>\n0Connected Countries0k+Closed Shipments0k+Satisfied Clients0Years of Experience<\/p>\n<h6>We Can<\/h6>\n<h2>Ship Anything<\/h2>\n<p>Here are some industries we help get their items around:<\/p>\n<p><!-- \/.sc_title --><\/p>\n<ul>\n<li>Palletized Goods<\/li>\n<li>Boxed Goods Non-Palletized<\/li>\n<li>Any Non-Perishable Boxed Goods<\/li>\n<li>Any Parcel Shipment<\/li>\n<li>Appliances &amp; Electronics<\/li>\n<\/ul>\n<ul>\n<li>Furniture &amp; Constructions<\/li>\n<li>Medical Freight<\/li>\n<li>Agricultural Products<\/li>\n<li>Cars and Equipment<\/li>\n<li>Anything Legal<\/li>\n<\/ul>\n<aside><img decoding=\"async\" loading=\"lazy\" src=\"\/\/zipoex.com\/wp-content\/uploads\/2018\/03\/post-1-copyright-1-560x316.jpg\" alt=\"\" width=\"560\" height=\"316\"><\/aside>\n<h6>100% Approved<\/h6>\n<h2>by Customers<\/h2>\n<p>Some description text for this item<\/p>\n<p><!-- \/.sc_title --><\/p>\n<p>Gerne erw\u00e4hne ich die hervorragende Kundenbetreuung, die ich w\u00e4hrend unserer Gesch\u00e4ftsvereinbarung erhalten habe, und ich hoffe, dass dies auch in Zukunft so bleibt! Vielen Dank f\u00fcr die sichere und p\u00fcnktliche Lieferung, ich sch\u00e4tze es!<\/p>\n<p><img width=\"90\" height=\"90\" src=\"https:\/\/zipoex.com\/wp-content\/uploads\/2018\/03\/test3-copyright-90x90.jpg\" alt=\"Peter Jones\" decoding=\"async\" loading=\"lazy\" srcset=\"https:\/\/zipoex.com\/wp-content\/uploads\/2018\/03\/test3-copyright-90x90.jpg 90w, https:\/\/zipoex.com\/wp-content\/uploads\/2018\/03\/test3-copyright-300x300.jpg 300w, https:\/\/zipoex.com\/wp-content\/uploads\/2018\/03\/test3-copyright-150x150.jpg 150w, https:\/\/zipoex.com\/wp-content\/uploads\/2018\/03\/test3-copyright-370x370.jpg 370w, https:\/\/zipoex.com\/wp-content\/uploads\/2018\/03\/test3-copyright.jpg 486w\" sizes=\"(max-width: 90px) 100vw, 90px\" \/><\/p>\n<h4>Peter Jones<\/h4>\n<p>Projektleite<\/p>\n<p>Dies ist nicht das erste Mal, dass wir es mit Ihrem Unternehmen zu tun haben, und wir k\u00f6nnen auf keinen Fall auf einen anderen Frachtlieferdienst umsteigen. Vielen Dank f\u00fcr die tollen Funktionen und Vorteile, die uns zu einem wirklich gl\u00fccklichen Kunden machen. Viel Gl\u00fcck in der Zukunft!<\/p>\n<p><img width=\"90\" height=\"90\" src=\"https:\/\/zipoex.com\/wp-content\/uploads\/2018\/03\/test2-copyright-90x90.jpg\" alt=\"James Morris\" decoding=\"async\" loading=\"lazy\" srcset=\"https:\/\/zipoex.com\/wp-content\/uploads\/2018\/03\/test2-copyright-90x90.jpg 90w, https:\/\/zipoex.com\/wp-content\/uploads\/2018\/03\/test2-copyright-300x300.jpg 300w, https:\/\/zipoex.com\/wp-content\/uploads\/2018\/03\/test2-copyright-150x150.jpg 150w, https:\/\/zipoex.com\/wp-content\/uploads\/2018\/03\/test2-copyright-370x370.jpg 370w, https:\/\/zipoex.com\/wp-content\/uploads\/2018\/03\/test2-copyright.jpg 486w\" sizes=\"(max-width: 90px) 100vw, 90px\" \/><\/p>\n<h4>James Morris<\/h4>\n<p>Produktmanager<\/p>\n<p>Ich habe vor einem Jahr ein Importgesch\u00e4ft gegr\u00fcndet, und obwohl ich mehrere Speditionsunternehmen kontaktierte, war es FreightCo, das immer schnell Antworten auf meine vielen Fragen gab. Deshalb begann ich mit diesem Unternehmen zusammenarbeiten, und ich bin wirklich froh, dass ich das gemacht habe.<\/p>\n<p><img width=\"90\" height=\"90\" src=\"https:\/\/zipoex.com\/wp-content\/uploads\/2018\/03\/test1-copyright-90x90.jpg\" alt=\"Molly Cooper\" decoding=\"async\" loading=\"lazy\" srcset=\"https:\/\/zipoex.com\/wp-content\/uploads\/2018\/03\/test1-copyright-90x90.jpg 90w, https:\/\/zipoex.com\/wp-content\/uploads\/2018\/03\/test1-copyright-300x300.jpg 300w, https:\/\/zipoex.com\/wp-content\/uploads\/2018\/03\/test1-copyright-150x150.jpg 150w, https:\/\/zipoex.com\/wp-content\/uploads\/2018\/03\/test1-copyright-370x370.jpg 370w, https:\/\/zipoex.com\/wp-content\/uploads\/2018\/03\/test1-copyright.jpg 486w\" sizes=\"(max-width: 90px) 100vw, 90px\" \/><\/p>\n<h4>Molly Cooper<\/h4>\n<p>Leitender Manager<br \/>\nPeter JonesProjektleiteJames MorrisProduktmanagerMolly CooperLeitender Manager<!-- \/.sc_testimonials --><\/p>\n<h6>Our<\/h6>\n<h2>Advantages<\/h2>\n<p>What makes our company stand out is the approach that we choose for the daily tasks: we want you to enjoy the experience of using our logistic services<\/p>\n<p><!-- \/.sc_title --><\/p>\n<h4>Best Logistics<\/h4>\n<p>We provide the best logistic service on the market, all over the globe.<\/p>\n<h4>Cargo security<\/h4>\n<p>Our clients get 100% guarantee for secure shipping &#038; handling.<\/p>\n<h4>24-Hour Support<\/h4>\n<p>In case you have an enquiry, or an urgent question, our support is there.<\/p>\n<h4>On-Time Delivery<\/h4>\n<p>We know how to make it in time and set the right terms for deliveries.<\/p>\n<h4>Any Payment Method<\/h4>\n<p>All payment methods are acceptable for ordering our services.<\/p>\n<h4>Cargo Tracking<\/h4>\n<p>Track all your shipments online using the tracking form and ID.<br \/>\n<!-- \/.sc_icons --><\/p>\n<h4>Need a Warehouse?<\/h4>\n<p>You are welcome to book one or several facilities across the country and stop worrying about storage<a href=\"https:\/\/zipoex.com\/services\/warehousing\/\">Read More<\/a><!-- \/.sc_icons --><\/p>\n<h4>Start Shipping with Us &amp; Get a Discount<\/h4>\n<p>-10% for storages<a href=\"https:\/\/zipoex.com\/services\/warehousing\/\">Read More<\/a><!-- \/.sc_icons --><\/p>\n<h6>Subtitle<\/h6>\n<h2>They Chose Us<\/h2>\n<p>Meet some of our regular clients and read what they&#8217;ve got to say about our services, share your experience and help us become better by leaving your feedback<\/p>\n<p><!-- \/.sc_title --><br \/>\n<img decoding=\"async\" loading=\"lazy\" src=\"\/\/zipoex.com\/wp-content\/uploads\/2018\/05\/part1.png\" alt=\"\" width=\"170\" height=\"78\"><br \/>\n<img decoding=\"async\" src=\"https:\/\/zipoex.com\/wp-content\/uploads\/2018\/05\/part1-hover.png\" alt=\"\"><br \/>\n<img decoding=\"async\" loading=\"lazy\" src=\"\/\/zipoex.com\/wp-content\/uploads\/2018\/05\/part2.png\" alt=\"\" width=\"170\" height=\"78\"><br \/>\n<img decoding=\"async\" src=\"https:\/\/zipoex.com\/wp-content\/uploads\/2018\/05\/part2-hover.png\" alt=\"\"><br \/>\n<img decoding=\"async\" loading=\"lazy\" src=\"\/\/zipoex.com\/wp-content\/uploads\/2018\/05\/part3.png\" alt=\"\" width=\"170\" height=\"78\"><br \/>\n<img decoding=\"async\" src=\"https:\/\/zipoex.com\/wp-content\/uploads\/2018\/05\/part3-hover.png\" alt=\"\"><br \/>\n<img decoding=\"async\" loading=\"lazy\" src=\"\/\/zipoex.com\/wp-content\/uploads\/2018\/05\/part4.png\" alt=\"\" width=\"170\" height=\"78\"><br \/>\n<img decoding=\"async\" src=\"https:\/\/zipoex.com\/wp-content\/uploads\/2018\/05\/part4-hover.png\" alt=\"\"><br \/>\n<img decoding=\"async\" loading=\"lazy\" src=\"\/\/zipoex.com\/wp-content\/uploads\/2018\/05\/part5.png\" alt=\"\" width=\"170\" height=\"78\"><br \/>\n<img decoding=\"async\" src=\"https:\/\/zipoex.com\/wp-content\/uploads\/2018\/05\/part5-hover.png\" alt=\"\">\t\t\t\t\t<!-- \/.sc_icons --><br \/>\n<a href=\"https:\/\/zipoex.com\/partnership-details\/\" id=\"trx_sc_button_1214368446\">Partnership Details<!-- \/.sc_button_text --><\/a><!-- \/.sc_button --><!-- \/.sc_item_button --><\/p>\n<h6>We&#8217;re<\/h6>\n<h2>Waiting for You<\/h2>\n<p>From booking to communications, to payment: FreightCo helps you transport freight faster, cheaper, safer, and easier, so you can stay focused on your business.<\/p>\n<p><!-- \/.sc_title --><\/p>\n<h4>Working Hours<\/h4>\n<p>MON &#8211; SAT: 7 am \u2013 8 pm SUN: 9 am \u2013 5 pmSUPPORT: Every day, 24\/7<!-- \/.sc_icons --><br \/>\n<script>(function() {\n\twindow.mc4wp = window.mc4wp || {\n\t\tlisteners: [],\n\t\tforms: {\n\t\t\ton: function(evt, cb) {\n\t\t\t\twindow.mc4wp.listeners.push(\n\t\t\t\t\t{\n\t\t\t\t\t\tevent   : evt,\n\t\t\t\t\t\tcallback: cb\n\t\t\t\t\t}\n\t\t\t\t);\n\t\t\t}\n\t\t}\n\t}\n})();\n<\/script><!-- Mailchimp for WordPress v4.9.9 - https:\/\/wordpress.org\/plugins\/mailchimp-for-wp\/ --><form id=\"mc4wp-form-1\" class=\"mc4wp-form mc4wp-form-1175\" method=\"post\" data-id=\"1175\" data-name=\"form\" ><div class=\"mc4wp-form-fields\"><div class=\"mc_with_padding\">\n<p class=\"form_title_2color\">\n  <span>Subscribe to Our<\/span> Newsletter\n<\/p>\n<p class=\"form_icon_abs icon-send\"><\/p>\n<p class=\"form_input\">\n\t<input type=\"email\" name=\"EMAIL\" placeholder=\"Enter Your Email\" required \/>\n<\/p>\n <div class=\"mcfwp-agree-input\">\n<label class=\"mcfwp-agree-input\"><input type=\"checkbox\" name=\"i_agree_privacy_policy\" value=\"1\" required=\"\" \/><span>I have read and agree to the <a href=\"\/privacy-policy\/\" target=\"_blank\">terms &amp; conditions<\/a><\/span><\/label>\n<\/div>\n<p class=\"form_button\">\n\t<input type=\"submit\" value=\"Subscribe Now\" \/>\n<\/p>\n<\/div><\/div><label style=\"display: none !important;\">Leave this field empty if you're human: <input type=\"text\" name=\"_mc4wp_honeypot\" value=\"\" tabindex=\"-1\" autocomplete=\"off\" \/><\/label><input type=\"hidden\" name=\"_mc4wp_timestamp\" value=\"1777875749\" \/><input type=\"hidden\" name=\"_mc4wp_form_id\" value=\"1175\" \/><input type=\"hidden\" name=\"_mc4wp_form_element_id\" value=\"mc4wp-form-1\" \/><div class=\"mc4wp-response\"><\/div><\/form><!-- \/ Mailchimp for WordPress Plugin --><\/p>\n","protected":false},"excerpt":{"rendered":"<p>ZipoEx : FAST AND EASY! ZipoEx Shipping offers efficient Caribbean shipping solutions for multiple countries, with hassle-free and secure delivery. Shipping to &#038; from Anywhere From booking to communications, to payment: FreightCo helps you transport freight faster, cheaper, safer, and easier, so you can stay focused on your business By Sea Types of Shipment Sea container delivery was the first shipping&#8230;Read more By Land Types of Shipment Our freight trucks will transport your shipment&#8230;Read more By Air Types of Shipment This is the fastest way to send&#8230;Read more View All Services Subtitle Entrust Us with Your Logistics Statistics prove that<\/p>\n","protected":false},"author":1,"featured_media":0,"parent":0,"menu_order":0,"comment_status":"closed","ping_status":"closed","template":"","meta":{"footnotes":""},"aioseo_notices":[],"_links":{"self":[{"href":"https:\/\/zipoex.com\/index.php\/wp-json\/wp\/v2\/pages\/396"}],"collection":[{"href":"https:\/\/zipoex.com\/index.php\/wp-json\/wp\/v2\/pages"}],"about":[{"href":"https:\/\/zipoex.com\/index.php\/wp-json\/wp\/v2\/types\/page"}],"author":[{"embeddable":true,"href":"https:\/\/zipoex.com\/index.php\/wp-json\/wp\/v2\/users\/1"}],"replies":[{"embeddable":true,"href":"https:\/\/zipoex.com\/index.php\/wp-json\/wp\/v2\/comments?post=396"}],"version-history":[{"count":10,"href":"https:\/\/zipoex.com\/index.php\/wp-json\/wp\/v2\/pages\/396\/revisions"}],"predecessor-version":[{"id":3021,"href":"https:\/\/zipoex.com\/index.php\/wp-json\/wp\/v2\/pages\/396\/revisions\/3021"}],"wp:attachment":[{"href":"https:\/\/zipoex.com\/index.php\/wp-json\/wp\/v2\/media?parent=396"}],"curies":[{"name":"wp","href":"https:\/\/api.w.org\/{rel}","templated":true}]}}